{"id":1729,"date":"2021-06-16T16:31:38","date_gmt":"2021-06-16T14:31:38","guid":{"rendered":"https:\/\/app-room.ch\/schnittstellen\/"},"modified":"2024-10-25T17:03:38","modified_gmt":"2024-10-25T15:03:38","slug":"schnittstellen","status":"publish","type":"page","link":"https:\/\/www.app-room.at\/fr\/app-room\/schnittstellen\/","title":{"rendered":"Interfaces"},"content":{"rendered":"\n<h2 class=\"wp-block-heading h1\">app-room &#8211; la gestion des stocks avec diverses interfaces<\/h2>\n\n\n\n<p>L&rsquo;interface de donn\u00e9es veloconnect est devenue un standard de la branche dont on ne peut plus se passer sur le march\u00e9 du v\u00e9lo.<\/p>\n\n\n\n<p>L&rsquo;\u00e9change \u00e9lectronique simple de donn\u00e9es entre le logiciel des commer\u00e7ants de v\u00e9los et les fournisseurs permet un \u00e9change rapide et simple de toutes les donn\u00e9es importantes. Cette communication r\u00e9duit les sources d&rsquo;erreur et permet une transmission propre des donn\u00e9es.<\/p>\n\n\n\n<p>Les commandes des magasins de v\u00e9los sont directement introduites dans le syst\u00e8me par le fournisseur et peuvent \u00eatre trait\u00e9es imm\u00e9diatement.<\/p>\n\n\n\n<p>Le magasin de v\u00e9los peut utiliser les donn\u00e9es num\u00e9riques transf\u00e9r\u00e9es dans son syst\u00e8me de gestion des stocks pour des \u00e9ditions imprim\u00e9es (textes de r\u00e9parations, description des articles) ou pour la gestion des stocks.<\/p>\n\n\n\n<p>Nous proposons encore de nombreuses autres interfaces avec des fonctions \u00e9tendues pour la communication num\u00e9rique entre app-room et un logiciel tiers.<\/p>\n\n\n\n<div style=\"height:100px\" aria-hidden=\"true\" class=\"wp-block-spacer\"><\/div>\n\n\n\n<div class=\"row ar-referenzen-block\">\n\t\n\t<div class=\"col-12 mb-5\">\n\t\t<h3>D\u00e9couvre de nombreux autres prestataires qui, en combinaison avec app-room, soutiennent encore plus tes processus !<\/h3>\n\t\t<p>Qu&rsquo;il s&rsquo;agisse d&rsquo;une plateforme de march\u00e9, d&rsquo;un logiciel de comptabilit\u00e9 ou de ton propre syst\u00e8me de gestion des stocks : gr\u00e2ce \u00e0 de nombreuses interfaces, l&rsquo;int\u00e9gration de syst\u00e8mes existants dans app-room est un jeu d&rsquo;enfant et ne pose aucun probl\u00e8me.\r\n<\/p>\n\t<\/div>\n\t\n\t\t\t<div class=\"col-6 col-md-3 col-xl-2 referenz text-center mb-4\">\n\t\t\t<div class=\"content\">\n\t\t\t\t\t\t\t\t<div class=\"referenz-overlay transition\" style=\"background-image: url(https:\/\/www.app-room.at\/wp-content\/uploads\/2022\/06\/logoadvaricslanding-300x68.png)\"><\/div>\n\t\t\t<\/div>\n\t\t<\/div>\n\t\t\t\t<div class=\"col-6 col-md-3 col-xl-2 referenz text-center mb-4\">\n\t\t\t<div class=\"content\">\n\t\t\t\t\t\t\t\t<div class=\"referenz-overlay transition\" style=\"background-image: url(https:\/\/www.app-room.at\/wp-content\/uploads\/2022\/06\/akeneo-seeklogo.com_.svg)\"><\/div>\n\t\t\t<\/div>\n\t\t<\/div>\n\t\t\t\t<div class=\"col-6 col-md-3 col-xl-2 referenz text-center mb-4\">\n\t\t\t<div class=\"content\">\n\t\t\t\t\t\t\t\t<div class=\"referenz-overlay transition\" style=\"background-image: url(https:\/\/www.app-room.at\/wp-content\/uploads\/2022\/06\/bexio.svg)\"><\/div>\n\t\t\t<\/div>\n\t\t<\/div>\n\t\t\t\t<div class=\"col-6 col-md-3 col-xl-2 referenz text-center mb-4\">\n\t\t\t<div class=\"content\">\n\t\t\t\t\t\t\t\t<div class=\"referenz-overlay transition\" style=\"background-image: url(https:\/\/www.app-room.at\/wp-content\/uploads\/2022\/06\/ems.png)\"><\/div>\n\t\t\t<\/div>\n\t\t<\/div>\n\t\t\t\t<div class=\"col-6 col-md-3 col-xl-2 referenz text-center mb-4\">\n\t\t\t<div class=\"content\">\n\t\t\t\t\t\t\t\t<div class=\"referenz-overlay transition\" style=\"background-image: url(https:\/\/www.app-room.at\/wp-content\/uploads\/2022\/06\/galaxus-logo-vector.svg)\"><\/div>\n\t\t\t<\/div>\n\t\t<\/div>\n\t\t\t\t<div class=\"col-6 col-md-3 col-xl-2 referenz text-center mb-4\">\n\t\t\t<div class=\"content\">\n\t\t\t\t\t\t\t\t<div class=\"referenz-overlay transition\" style=\"background-image: url(https:\/\/www.app-room.at\/wp-content\/uploads\/2022\/06\/hiw.png)\"><\/div>\n\t\t\t<\/div>\n\t\t<\/div>\n\t\t\t\t<div class=\"col-6 col-md-3 col-xl-2 referenz text-center mb-4\">\n\t\t\t<div class=\"content\">\n\t\t\t\t\t\t\t\t<div class=\"referenz-overlay transition\" style=\"background-image: url(https:\/\/www.app-room.at\/wp-content\/uploads\/2022\/06\/sage.svg)\"><\/div>\n\t\t\t<\/div>\n\t\t<\/div>\n\t\t\t\t<div class=\"col-6 col-md-3 col-xl-2 referenz text-center mb-4\">\n\t\t\t<div class=\"content\">\n\t\t\t\t\t\t\t\t<div class=\"referenz-overlay transition\" style=\"background-image: url(https:\/\/www.app-room.at\/wp-content\/uploads\/2022\/06\/shopware-seeklogo.com_.svg)\"><\/div>\n\t\t\t<\/div>\n\t\t<\/div>\n\t\t\t\t<div class=\"col-6 col-md-3 col-xl-2 referenz text-center mb-4\">\n\t\t\t<div class=\"content\">\n\t\t\t\t\t\t\t\t<div class=\"referenz-overlay transition\" style=\"background-image: url(https:\/\/www.app-room.at\/wp-content\/uploads\/2022\/06\/logo-sr-since-1994-slogan-bermuda-large-300x154.png)\"><\/div>\n\t\t\t<\/div>\n\t\t<\/div>\n\t\t\t\t<div class=\"col-6 col-md-3 col-xl-2 referenz text-center mb-4\">\n\t\t\t<div class=\"content\">\n\t\t\t\t\t\t\t\t<div class=\"referenz-overlay transition\" style=\"background-image: url(https:\/\/www.app-room.at\/wp-content\/uploads\/2022\/06\/veloconnect.svg)\"><\/div>\n\t\t\t<\/div>\n\t\t<\/div>\n\t\t\t\t<div class=\"col-6 col-md-3 col-xl-2 referenz text-center mb-4\">\n\t\t\t<div class=\"content\">\n\t\t\t\t\t\t\t\t<div class=\"referenz-overlay transition\" style=\"background-image: url(https:\/\/www.app-room.at\/wp-content\/uploads\/2022\/06\/velocorner.svg)\"><\/div>\n\t\t\t<\/div>\n\t\t<\/div>\n\t\t\t\t<div class=\"col-6 col-md-3 col-xl-2 referenz text-center mb-4\">\n\t\t\t<div class=\"content\">\n\t\t\t\t\t\t\t\t<div class=\"referenz-overlay transition\" style=\"background-image: url(https:\/\/www.app-room.at\/wp-content\/uploads\/2022\/06\/woocommerce-logo-vector.svg)\"><\/div>\n\t\t\t<\/div>\n\t\t<\/div>\n\t\t\n<\/div>\n\n\n<p class=\"has-text-align-center\">&#8230; et bien d&rsquo;autres encore<\/p>\n\n\n\n<div style=\"height:100px\" aria-hidden=\"true\" class=\"wp-block-spacer\"><\/div>\n\n\n\n<h2 class=\"wp-block-heading\">Interfaces fournisseurs<\/h2>\n\n\n\n<div class=\"wp-block-columns is-layout-flex wp-container-core-columns-is-layout-9d6595d7 wp-block-columns-is-layout-flex\">\n<div class=\"wp-block-column is-layout-flow wp-block-column-is-layout-flow\">\n<ul class=\"wp-block-list\">\n<li>von Trotha GmbH,<\/li>\n\n\n\n<li>2Wheel<\/li>\n\n\n\n<li>absolut bikes gmbh&nbsp;<\/li>\n\n\n\n<li>ABUS Schweiz AG<\/li>\n\n\n\n<li>Alpina<\/li>\n\n\n\n<li>ALPINA Optik + Sport AG<\/li>\n\n\n\n<li>ASISTA Teile f\u00fcrs Rad GmbH &amp; Co.KG<\/li>\n\n\n\n<li>Batavus B\u00e4umker<\/li>\n\n\n\n<li>BBB Cycling&nbsp;<\/li>\n\n\n\n<li>BBF Bike GmbH<\/li>\n\n\n\n<li>B\u00f6ttcher Fahrr\u00e4der GmbH&nbsp;<\/li>\n\n\n\n<li>CCM Sport GmbH<\/li>\n\n\n\n<li>Cosmic Sports<\/li>\n\n\n\n<li>Cube<\/li>\n\n\n\n<li>cycle union GmbH<\/li>\n\n\n\n<li>Element Sports Trading GmbH<\/li>\n\n\n\n<li>Endura<\/li>\n\n\n\n<li>FAMO&nbsp;<\/li>\n\n\n\n<li>Feldmeier<\/li>\n\n\n\n<li>Fuchs-Movesa<\/li>\n\n\n\n<li>Funbike GmbH&nbsp;<\/li>\n\n\n\n<li>Fusion Bikes<\/li>\n<\/ul>\n<\/div>\n\n\n\n<div class=\"wp-block-column is-layout-flow wp-block-column-is-layout-flow\">\n<ul class=\"wp-block-list\">\n<li>Giant<\/li>\n\n\n\n<li>GPR AG&nbsp;<\/li>\n\n\n\n<li>Grofa<\/li>\n\n\n\n<li>Haberland GmbH<\/li>\n\n\n\n<li>Hercules GmbH<\/li>\n\n\n\n<li>Indian Summer LTD<\/li>\n\n\n\n<li>Intercycle&nbsp;<\/li>\n\n\n\n<li>JBS GmbH &amp; Co. KG<\/li>\n\n\n\n<li>KED Helmsysteme<\/li>\n\n\n\n<li>K\u00fcbler Sport GmbH<\/li>\n\n\n\n<li>Lindlau<\/li>\n\n\n\n<li>Merida Centurion Germany&nbsp;<\/li>\n\n\n\n<li>Nusshold AG<\/li>\n\n\n\n<li>NW Sportger\u00e4te GmbH<\/li>\n\n\n\n<li>Oneal Europe GmbH &amp; Co. KG<\/li>\n\n\n\n<li>ORTLIEB Sportartikel GmbH&nbsp;<\/li>\n\n\n\n<li>Parts4bikes<\/li>\n\n\n\n<li>Pexco GmbH<\/li>\n\n\n\n<li>pon.bike (Schweiz) GmbH<\/li>\n\n\n\n<li>PUKY&nbsp;<\/li>\n\n\n\n<li>Ra-Co<\/li>\n\n\n\n<li>RaiKo GmbH<\/li>\n\n\n\n<li>Raleigh Univega GmbH<\/li>\n<\/ul>\n<\/div>\n\n\n\n<div class=\"wp-block-column is-layout-flow wp-block-column-is-layout-flow\">\n<ul class=\"wp-block-list\">\n<li>riese und m\u00fcller<\/li>\n\n\n\n<li>RTI Sports<\/li>\n\n\n\n<li>R\u00fcegg AG<\/li>\n\n\n\n<li>Sail+Surf<\/li>\n\n\n\n<li>Schmid Aichach&nbsp;<\/li>\n\n\n\n<li>Scott Sports SA<\/li>\n\n\n\n<li>Sport Import&nbsp;<\/li>\n\n\n\n<li>Sports Nut&nbsp;<\/li>\n\n\n\n<li>SQlab<\/li>\n\n\n\n<li>Stevens<\/li>\n\n\n\n<li>T&amp;S Vertriebs GmbH<\/li>\n\n\n\n<li>Tacx Germany<\/li>\n\n\n\n<li>TEHAVA<\/li>\n\n\n\n<li>Thalinger Lange GmbH<\/li>\n\n\n\n<li>Thule&nbsp;<\/li>\n\n\n\n<li>TRELOCK GmbH<\/li>\n\n\n\n<li>UVEX<\/li>\n\n\n\n<li>UVEX CH<\/li>\n\n\n\n<li>van Bokhoven<\/li>\n\n\n\n<li>Vaude<\/li>\n\n\n\n<li>velo..union<\/li>\n\n\n\n<li>zwei plus zwei<\/li>\n<\/ul>\n<\/div>\n<\/div>\n","protected":false},"excerpt":{"rendered":"<p>app-room &#8211; la gestion des stocks avec diverses interfaces L&rsquo;interface de donn\u00e9es veloconnect est devenue [&hellip;]<\/p>\n","protected":false},"author":2,"featured_media":1402,"parent":1735,"menu_order":39,"comment_status":"closed","ping_status":"closed","template":"","meta":{"_acf_changed":false,"inline_featured_image":false,"footnotes":""},"class_list":["post-1729","page","type-page","status-publish","has-post-thumbnail","hentry"],"acf":[],"yoast_head":"<!-- This site is optimized with the Yoast SEO plugin v27.2 - https:\/\/yoast.com\/product\/yoast-seo-wordpress\/ -->\n<title>Interfaces - app-room GmbH API zu veloconnect, velocorner und Buchhaltung<\/title>\n<meta name=\"description\" content=\"CYCLE bietet Schnittstellen zu diversen Buchhaltungssoftware, veloconnect, Woocommerce, velocorner und vielen mehr an.\" \/>\n<meta name=\"robots\" content=\"index, follow, max-snippet:-1, max-image-preview:large, max-video-preview:-1\" \/>\n<link rel=\"canonical\" href=\"https:\/\/app-room.eu\/fr\/app-room\/schnittstellen\/\" \/>\n<meta property=\"og:locale\" content=\"fr_FR\" \/>\n<meta property=\"og:type\" content=\"article\" \/>\n<meta property=\"og:title\" content=\"Interfaces - app-room GmbH API zu veloconnect, velocorner und Buchhaltung\" \/>\n<meta property=\"og:description\" content=\"CYCLE bietet Schnittstellen zu diversen Buchhaltungssoftware, veloconnect, Woocommerce, velocorner und vielen mehr an.\" \/>\n<meta property=\"og:url\" content=\"https:\/\/app-room.eu\/fr\/app-room\/schnittstellen\/\" \/>\n<meta property=\"og:site_name\" content=\"app-room GmbH\" \/>\n<meta property=\"article:publisher\" content=\"https:\/\/www.facebook.com\/approomgmbh\/\" \/>\n<meta property=\"article:modified_time\" content=\"2024-10-25T15:03:38+00:00\" \/>\n<meta property=\"og:image\" content=\"https:\/\/app-room.eu\/wp-content\/uploads\/2021\/08\/header-schnittstellen.jpg\" \/>\n\t<meta property=\"og:image:width\" content=\"2000\" \/>\n\t<meta property=\"og:image:height\" content=\"1500\" \/>\n\t<meta property=\"og:image:type\" content=\"image\/jpeg\" \/>\n<meta name=\"twitter:card\" content=\"summary_large_image\" \/>\n<meta name=\"twitter:label1\" content=\"Dur\u00e9e de lecture estim\u00e9e\" \/>\n\t<meta name=\"twitter:data1\" content=\"2 minutes\" \/>\n<script type=\"application\/ld+json\" class=\"yoast-schema-graph\">{\"@context\":\"https:\/\/schema.org\",\"@graph\":[{\"@type\":\"WebPage\",\"@id\":\"https:\/\/app-room.eu\/fr\/app-room\/schnittstellen\/\",\"url\":\"https:\/\/app-room.eu\/fr\/app-room\/schnittstellen\/\",\"name\":\"Interfaces - app-room GmbH API zu veloconnect, velocorner und Buchhaltung\",\"isPartOf\":{\"@id\":\"https:\/\/app-room.ch\/#website\"},\"primaryImageOfPage\":{\"@id\":\"https:\/\/app-room.eu\/fr\/app-room\/schnittstellen\/#primaryimage\"},\"image\":{\"@id\":\"https:\/\/app-room.eu\/fr\/app-room\/schnittstellen\/#primaryimage\"},\"thumbnailUrl\":\"https:\/\/www.app-room.at\/wp-content\/uploads\/2021\/08\/header-schnittstellen.jpg\",\"datePublished\":\"2021-06-16T14:31:38+00:00\",\"dateModified\":\"2024-10-25T15:03:38+00:00\",\"description\":\"CYCLE bietet Schnittstellen zu diversen Buchhaltungssoftware, veloconnect, Woocommerce, velocorner und vielen mehr an.\",\"breadcrumb\":{\"@id\":\"https:\/\/app-room.eu\/fr\/app-room\/schnittstellen\/#breadcrumb\"},\"inLanguage\":\"fr-FR\",\"potentialAction\":[{\"@type\":\"ReadAction\",\"target\":[\"https:\/\/app-room.eu\/fr\/app-room\/schnittstellen\/\"]}]},{\"@type\":\"ImageObject\",\"inLanguage\":\"fr-FR\",\"@id\":\"https:\/\/app-room.eu\/fr\/app-room\/schnittstellen\/#primaryimage\",\"url\":\"https:\/\/www.app-room.at\/wp-content\/uploads\/2021\/08\/header-schnittstellen.jpg\",\"contentUrl\":\"https:\/\/www.app-room.at\/wp-content\/uploads\/2021\/08\/header-schnittstellen.jpg\",\"width\":2000,\"height\":1500},{\"@type\":\"BreadcrumbList\",\"@id\":\"https:\/\/app-room.eu\/fr\/app-room\/schnittstellen\/#breadcrumb\",\"itemListElement\":[{\"@type\":\"ListItem\",\"position\":1,\"name\":\"Startseite\",\"item\":\"https:\/\/app-room.fr\/fr\/\"},{\"@type\":\"ListItem\",\"position\":2,\"name\":\"app-room\",\"item\":\"https:\/\/www.app-room.de\/fr\/app-room\/\"},{\"@type\":\"ListItem\",\"position\":3,\"name\":\"Interfaces\"}]},{\"@type\":\"WebSite\",\"@id\":\"https:\/\/app-room.ch\/#website\",\"url\":\"https:\/\/app-room.ch\/\",\"name\":\"app-room GmbH\",\"description\":\"CYCLE, das online Warenwirtschaftssystem \/ ERP f\u00fcr den Fahrradhandel\",\"publisher\":{\"@id\":\"https:\/\/app-room.ch\/#organization\"},\"potentialAction\":[{\"@type\":\"SearchAction\",\"target\":{\"@type\":\"EntryPoint\",\"urlTemplate\":\"https:\/\/app-room.ch\/?s={search_term_string}\"},\"query-input\":{\"@type\":\"PropertyValueSpecification\",\"valueRequired\":true,\"valueName\":\"search_term_string\"}}],\"inLanguage\":\"fr-FR\"},{\"@type\":\"Organization\",\"@id\":\"https:\/\/app-room.ch\/#organization\",\"name\":\"app-room GmbH\",\"url\":\"https:\/\/app-room.ch\/\",\"logo\":{\"@type\":\"ImageObject\",\"inLanguage\":\"fr-FR\",\"@id\":\"https:\/\/app-room.ch\/#\/schema\/logo\/image\/\",\"url\":\"https:\/\/app-room.ch\/wp-content\/uploads\/2024\/10\/favicon.png\",\"contentUrl\":\"https:\/\/app-room.ch\/wp-content\/uploads\/2024\/10\/favicon.png\",\"width\":128,\"height\":128,\"caption\":\"app-room GmbH\"},\"image\":{\"@id\":\"https:\/\/app-room.ch\/#\/schema\/logo\/image\/\"},\"sameAs\":[\"https:\/\/www.facebook.com\/approomgmbh\/\",\"https:\/\/ch.linkedin.com\/company\/app-room-gmbh\"]}]}<\/script>\n<!-- \/ Yoast SEO plugin. -->","yoast_head_json":{"title":"Interfaces - app-room GmbH API zu veloconnect, velocorner und Buchhaltung","description":"CYCLE bietet Schnittstellen zu diversen Buchhaltungssoftware, veloconnect, Woocommerce, velocorner und vielen mehr an.","robots":{"index":"index","follow":"follow","max-snippet":"max-snippet:-1","max-image-preview":"max-image-preview:large","max-video-preview":"max-video-preview:-1"},"canonical":"https:\/\/app-room.eu\/fr\/app-room\/schnittstellen\/","og_locale":"fr_FR","og_type":"article","og_title":"Interfaces - app-room GmbH API zu veloconnect, velocorner und Buchhaltung","og_description":"CYCLE bietet Schnittstellen zu diversen Buchhaltungssoftware, veloconnect, Woocommerce, velocorner und vielen mehr an.","og_url":"https:\/\/app-room.eu\/fr\/app-room\/schnittstellen\/","og_site_name":"app-room GmbH","article_publisher":"https:\/\/www.facebook.com\/approomgmbh\/","article_modified_time":"2024-10-25T15:03:38+00:00","og_image":[{"width":2000,"height":1500,"url":"https:\/\/app-room.eu\/wp-content\/uploads\/2021\/08\/header-schnittstellen.jpg","type":"image\/jpeg"}],"twitter_card":"summary_large_image","twitter_misc":{"Dur\u00e9e de lecture estim\u00e9e":"2 minutes"},"schema":{"@context":"https:\/\/schema.org","@graph":[{"@type":"WebPage","@id":"https:\/\/app-room.eu\/fr\/app-room\/schnittstellen\/","url":"https:\/\/app-room.eu\/fr\/app-room\/schnittstellen\/","name":"Interfaces - app-room GmbH API zu veloconnect, velocorner und Buchhaltung","isPartOf":{"@id":"https:\/\/app-room.ch\/#website"},"primaryImageOfPage":{"@id":"https:\/\/app-room.eu\/fr\/app-room\/schnittstellen\/#primaryimage"},"image":{"@id":"https:\/\/app-room.eu\/fr\/app-room\/schnittstellen\/#primaryimage"},"thumbnailUrl":"https:\/\/www.app-room.at\/wp-content\/uploads\/2021\/08\/header-schnittstellen.jpg","datePublished":"2021-06-16T14:31:38+00:00","dateModified":"2024-10-25T15:03:38+00:00","description":"CYCLE bietet Schnittstellen zu diversen Buchhaltungssoftware, veloconnect, Woocommerce, velocorner und vielen mehr an.","breadcrumb":{"@id":"https:\/\/app-room.eu\/fr\/app-room\/schnittstellen\/#breadcrumb"},"inLanguage":"fr-FR","potentialAction":[{"@type":"ReadAction","target":["https:\/\/app-room.eu\/fr\/app-room\/schnittstellen\/"]}]},{"@type":"ImageObject","inLanguage":"fr-FR","@id":"https:\/\/app-room.eu\/fr\/app-room\/schnittstellen\/#primaryimage","url":"https:\/\/www.app-room.at\/wp-content\/uploads\/2021\/08\/header-schnittstellen.jpg","contentUrl":"https:\/\/www.app-room.at\/wp-content\/uploads\/2021\/08\/header-schnittstellen.jpg","width":2000,"height":1500},{"@type":"BreadcrumbList","@id":"https:\/\/app-room.eu\/fr\/app-room\/schnittstellen\/#breadcrumb","itemListElement":[{"@type":"ListItem","position":1,"name":"Startseite","item":"https:\/\/app-room.fr\/fr\/"},{"@type":"ListItem","position":2,"name":"app-room","item":"https:\/\/www.app-room.de\/fr\/app-room\/"},{"@type":"ListItem","position":3,"name":"Interfaces"}]},{"@type":"WebSite","@id":"https:\/\/app-room.ch\/#website","url":"https:\/\/app-room.ch\/","name":"app-room GmbH","description":"CYCLE, das online Warenwirtschaftssystem \/ ERP f\u00fcr den Fahrradhandel","publisher":{"@id":"https:\/\/app-room.ch\/#organization"},"potentialAction":[{"@type":"SearchAction","target":{"@type":"EntryPoint","urlTemplate":"https:\/\/app-room.ch\/?s={search_term_string}"},"query-input":{"@type":"PropertyValueSpecification","valueRequired":true,"valueName":"search_term_string"}}],"inLanguage":"fr-FR"},{"@type":"Organization","@id":"https:\/\/app-room.ch\/#organization","name":"app-room GmbH","url":"https:\/\/app-room.ch\/","logo":{"@type":"ImageObject","inLanguage":"fr-FR","@id":"https:\/\/app-room.ch\/#\/schema\/logo\/image\/","url":"https:\/\/app-room.ch\/wp-content\/uploads\/2024\/10\/favicon.png","contentUrl":"https:\/\/app-room.ch\/wp-content\/uploads\/2024\/10\/favicon.png","width":128,"height":128,"caption":"app-room GmbH"},"image":{"@id":"https:\/\/app-room.ch\/#\/schema\/logo\/image\/"},"sameAs":["https:\/\/www.facebook.com\/approomgmbh\/","https:\/\/ch.linkedin.com\/company\/app-room-gmbh"]}]}},"_links":{"self":[{"href":"https:\/\/www.app-room.at\/fr\/wp-json\/wp\/v2\/pages\/1729","targetHints":{"allow":["GET"]}}],"collection":[{"href":"https:\/\/www.app-room.at\/fr\/wp-json\/wp\/v2\/pages"}],"about":[{"href":"https:\/\/www.app-room.at\/fr\/wp-json\/wp\/v2\/types\/page"}],"author":[{"embeddable":true,"href":"https:\/\/www.app-room.at\/fr\/wp-json\/wp\/v2\/users\/2"}],"replies":[{"embeddable":true,"href":"https:\/\/www.app-room.at\/fr\/wp-json\/wp\/v2\/comments?post=1729"}],"version-history":[{"count":11,"href":"https:\/\/www.app-room.at\/fr\/wp-json\/wp\/v2\/pages\/1729\/revisions"}],"predecessor-version":[{"id":3521,"href":"https:\/\/www.app-room.at\/fr\/wp-json\/wp\/v2\/pages\/1729\/revisions\/3521"}],"up":[{"embeddable":true,"href":"https:\/\/www.app-room.at\/fr\/wp-json\/wp\/v2\/pages\/1735"}],"wp:featuredmedia":[{"embeddable":true,"href":"https:\/\/www.app-room.at\/fr\/wp-json\/wp\/v2\/media\/1402"}],"wp:attachment":[{"href":"https:\/\/www.app-room.at\/fr\/wp-json\/wp\/v2\/media?parent=1729"}],"curies":[{"name":"wp","href":"https:\/\/api.w.org\/{rel}","templated":true}]}}