{"id":1740,"date":"2020-10-21T12:57:08","date_gmt":"2020-10-21T10:57:08","guid":{"rendered":"https:\/\/app-room.ch\/webinar-praesentation\/"},"modified":"2024-10-22T11:33:50","modified_gmt":"2024-10-22T09:33:50","slug":"webinaire-presentation","status":"publish","type":"page","link":"https:\/\/www.app-room.at\/fr\/webinaire-presentation\/","title":{"rendered":"Webinaire &#038; pr\u00e9sentation"},"content":{"rendered":"\n<h2 class=\"wp-block-heading\"><strong>Inscris-toi d\u00e8s aujourd&rsquo;hui \u00e0 la pr\u00e9sentation en ligne avec nous.<\/strong><\/h2>\n\n\n\n<p>Tu souhaites en savoir encore plus sur notre logiciel en ligne de gestion des stocks app-room ? Nous t&rsquo;invitons cordialement \u00e0 un s\u00e9minaire de d\u00e9couverte et souhaitons te pr\u00e9senter plus en d\u00e9tail toutes les fonctions et possibilit\u00e9s d&rsquo;app-room lors de notre pr\u00e9sentation.<\/p>\n\n\n\n<p><strong>De nouvelles dates de webinaires sont en cours de pr\u00e9paration et seront bient\u00f4t affich\u00e9es ici.<\/strong><\/p>\n\n\n\n<p>Les webinaires ne sont propos\u00e9s qu&rsquo;en allemand.<\/p>\n\n\n\n<div class=\"wp-block-columns is-layout-flex wp-container-core-columns-is-layout-9d6595d7 wp-block-columns-is-layout-flex\">\n<div class=\"wp-block-column is-layout-flow wp-block-column-is-layout-flow\">\n<div class=\"wp-block-columns is-layout-flex wp-container-core-columns-is-layout-9d6595d7 wp-block-columns-is-layout-flex\"><\/div>\n<\/div>\n<\/div>\n\n\n\n<p>Si aucune des dates de webinaire ne te convient, tu peux t&rsquo;inscrire pour une pr\u00e9sentation personnelle du produit via notre formulaire de contact et convenir avec nous de la date qui te convient.<\/p>\n\n\n\n<p><strong>Contacte-nous \u00e0 l&rsquo;adresse&nbsp;<a href=\"mailto:kontakt@app-room.ch\">kontakt@app-room.ch<\/a><br><\/strong><\/p>\n\n\n\t\t\t<\/div>\n\t\t<\/div>\n\t<\/div>\n<\/section>\n\n\n<section class=\"py-5 py-lg-6 bg-keine\">\n\t<div class=\"container\">\n\t\t<div class=\"row justify-content-center\">\n\t\t\t<div class=\"col-12\">\n\n\n<div class=\"schritte\">\n\t\n\t<div class=\"mb-5\" data-aos=\"fade-in\">\n\t\t\t\t<h3 class='mb-0'>Programme :<\/h3><p style='max-width: 600px'>Pour vous pr\u00e9parer, nous vous recommandons de vous inscrire au pr\u00e9alable sur notre site Internet pour la version d&rsquo;essai et de faire d\u00e9j\u00e0 un premier tour dans app-room.<\/p>\t<\/div>\n\t\n\t\n\t<style>\n        .line {\n            display: block;\n            height: 1px;\n            background-color: #80b734;\n            position: absolute;\n            top: 0;\n            left: 15px;\n            width: 100%;\n            \/*border-top: 1px solid green;*\/\n        }\n\n        .bullet {\n            width: 11px;\n            height: 11px;\n            background-color: #80b734;\n            border-radius: 50%;\n            position: absolute;\n            left: 15px;\n            top: -5px;\n        }\n\n        .stepper:last-child .line {\n            display: none;\n        }\n\n        .stepper:last-child .bullet {\n            width: 40px;\n            height: 40px;\n            top: -20px;\n            background-color: #80b734;\n        }\n\n        .stepper:last-child .bullet:before {\n            content: \"\\f00c\"; \/* this is your text. You can also use UTF-8 character codes as I do here *\/\n            font-family: \"Font Awesome 5 Pro\";\n            font-weight: 300;\n            top: 50%;\n            left: 50%;\n            transform: translate(-50%, -50%);\n            font-size: 20px;\n            color: white;\n\t\t\tposition: absolute;\n        }\n\t<\/style>\n\t\n\t\t\n\t\n\t<div class=\"row\">\n\t\t\t\t\t<div class=\"col-12 col-lg-6 col-xl-3 mb-5 schritt small\" data-aos=\"fade-in\" data-aos-delay=\"0\" data-aos-anchor=\".schritte-block_8c76feb657b7047fe1bfafe064554d4f\">\n\t\t\t\t<span class=\"d-block primary-color h3\">01<\/span>\n\t\t\t\t<h3 class=\"mb-4 h4\">Introduction<\/h3>\n\t\t\t\t<p>Nous aimerions savoir ce qui est important pour toi, quelles sont tes exigences envers un logiciel. Utilises-tu d\u00e9j\u00e0 un outil avec lequel tu g\u00e8res ton magasin de v\u00e9los et souhaites-tu le remplacer ?<\/p>\n\t\t\t\t\n\t\t\t\t\t\t\t<\/div>\n\t\t\t\t\t\t<div class=\"col-12 col-lg-6 col-xl-3 mb-5 schritt small\" data-aos=\"fade-in\" data-aos-delay=\"1000\" data-aos-anchor=\".schritte-block_8c76feb657b7047fe1bfafe064554d4f\">\n\t\t\t\t<span class=\"d-block primary-color h3\">02<\/span>\n\t\t\t\t<h3 class=\"mb-4 h4\">Pr\u00e9sentation des diff\u00e9rents domaines de travail :<\/h3>\n\t\t\t\t<p>Pendant la pr\u00e9sentation, tu d\u00e9couvres tous les diff\u00e9rents domaines de travail :<\/p>\n<ul>\n<li>Planning Atelier \/ rendez-vous d&rsquo;atelier<\/li>\n<li>Gestion des clients et des fournisseurs<\/li>\n<li>Factures &amp; documents de bon de livraison<\/li>\n<li>Caisse<\/li>\n<li>Veloconnect<\/li>\n<li>Stock d&rsquo;articles &amp; de v\u00e9hicules<\/li>\n<\/ul>\n\t\t\t\t\n\t\t\t\t\t\t\t<\/div>\n\t\t\t\t\t\t<div class=\"col-12 col-lg-6 col-xl-3 mb-5 schritt small\" data-aos=\"fade-in\" data-aos-delay=\"2000\" data-aos-anchor=\".schritte-block_8c76feb657b7047fe1bfafe064554d4f\">\n\t\t\t\t<span class=\"d-block primary-color h3\">03<\/span>\n\t\t\t\t<h3 class=\"mb-4 h4\">Fonctions suppl\u00e9mentaires possibles<\/h3>\n\t\t\t\t<ul>\n<li>Comptabilit\u00e9 financi\u00e8re<\/li>\n<li>Interfaces avec la boutique en ligne WooCommerce<\/li>\n<li>Rental &#8211; louer est une question de confiance !<\/li>\n<li>Online Repair Booking (ORB)<\/li>\n<li>\u00c9v\u00e9nement<\/li>\n<li>Gestion des bons d&rsquo;achat<\/li>\n<li>Syst\u00e8me\/gestion de bonus clients<\/li>\n<li>Logiciel de scanner pour l&rsquo;atelier<\/li>\n<li>Module d&rsquo;assurance de la B\u00e2loise<\/li>\n<\/ul>\n\t\t\t\t\n\t\t\t\t\t\t\t<\/div>\n\t\t\t\t\t\t<div class=\"col-12 col-lg-6 col-xl-3 mb-5 schritt small\" data-aos=\"fade-in\" data-aos-delay=\"3000\" data-aos-anchor=\".schritte-block_8c76feb657b7047fe1bfafe064554d4f\">\n\t\t\t\t<span class=\"d-block primary-color h3\">04<\/span>\n\t\t\t\t<h3 class=\"mb-4 h4\">Conclusion<\/h3>\n\t\t\t\t<p>Nous r\u00e9pondons volontiers \u00e0 tes questions. Gr\u00e2ce \u00e0 notre longue exp\u00e9rience, nous pouvons te faire une offre sur mesure. Nous te proposons nos services, du mat\u00e9riel informatique ou ton propre site web ou ta propre boutique en ligne.<\/p>\n\t\t\t\t\n\t\t\t\t\t\t\t<\/div>\n\t\t\t\t\t\n\t\t<div class=\"w-100\"><\/div>\n\t\t\n\t\t<div class=\"col-auto\" data-aos=\"fade-in\" data-aos-anchor=\".bullets\">\n\t\t\t\t\t\t\t\t<\/div>\n\t\n\t<\/div>\n<\/div>\n\n\n<p><\/p>\n","protected":false},"excerpt":{"rendered":"<p>Inscris-toi d\u00e8s aujourd&rsquo;hui \u00e0 la pr\u00e9sentation en ligne avec nous. Tu souhaites en savoir encore [&hellip;]<\/p>\n","protected":false},"author":2,"featured_media":4096,"parent":0,"menu_order":56,"comment_status":"closed","ping_status":"closed","template":"","meta":{"_acf_changed":false,"inline_featured_image":false,"footnotes":""},"class_list":["post-1740","page","type-page","status-publish","has-post-thumbnail","hentry"],"acf":[],"yoast_head":"<!-- This site is optimized with the Yoast SEO plugin v27.2 - https:\/\/yoast.com\/product\/yoast-seo-wordpress\/ -->\n<title>Webinaire &amp; pr\u00e9sentation - app-room GmbH online oder offline Beratung<\/title>\n<meta name=\"description\" content=\"Wir bieten online oder offline Beratungen f\u00fcr die Branchensoftware CYCLE speziell f\u00fcr den Fahrradh\u00e4ndler an.\" \/>\n<meta name=\"robots\" content=\"index, follow, max-snippet:-1, max-image-preview:large, max-video-preview:-1\" \/>\n<link rel=\"canonical\" href=\"https:\/\/app-room.ch\/fr\/webinaire-presentation\/\" \/>\n<meta property=\"og:locale\" content=\"fr_FR\" \/>\n<meta property=\"og:type\" content=\"article\" \/>\n<meta property=\"og:title\" content=\"Webinaire &amp; pr\u00e9sentation - app-room GmbH online oder offline Beratung\" \/>\n<meta property=\"og:description\" content=\"Wir bieten online oder offline Beratungen f\u00fcr die Branchensoftware CYCLE speziell f\u00fcr den Fahrradh\u00e4ndler an.\" \/>\n<meta property=\"og:url\" content=\"https:\/\/app-room.ch\/fr\/webinaire-presentation\/\" \/>\n<meta property=\"og:site_name\" content=\"app-room GmbH\" \/>\n<meta property=\"article:publisher\" content=\"https:\/\/www.facebook.com\/approomgmbh\/\" \/>\n<meta property=\"article:modified_time\" content=\"2024-10-22T09:33:50+00:00\" \/>\n<meta property=\"og:image\" content=\"https:\/\/app-room.ch\/wp-content\/uploads\/2025\/09\/47-20250819-approom-478-e1758875527257.jpg\" \/>\n\t<meta property=\"og:image:width\" content=\"1920\" \/>\n\t<meta property=\"og:image:height\" content=\"1280\" \/>\n\t<meta property=\"og:image:type\" content=\"image\/jpeg\" \/>\n<meta name=\"twitter:card\" content=\"summary_large_image\" \/>\n<meta name=\"twitter:label1\" content=\"Dur\u00e9e de lecture estim\u00e9e\" \/>\n\t<meta name=\"twitter:data1\" content=\"1 minute\" \/>\n<script type=\"application\/ld+json\" class=\"yoast-schema-graph\">{\"@context\":\"https:\/\/schema.org\",\"@graph\":[{\"@type\":\"WebPage\",\"@id\":\"https:\/\/app-room.ch\/fr\/webinaire-presentation\/\",\"url\":\"https:\/\/app-room.ch\/fr\/webinaire-presentation\/\",\"name\":\"Webinaire & pr\u00e9sentation - app-room GmbH online oder offline Beratung\",\"isPartOf\":{\"@id\":\"https:\/\/app-room.ch\/#website\"},\"primaryImageOfPage\":{\"@id\":\"https:\/\/app-room.ch\/fr\/webinaire-presentation\/#primaryimage\"},\"image\":{\"@id\":\"https:\/\/app-room.ch\/fr\/webinaire-presentation\/#primaryimage\"},\"thumbnailUrl\":\"https:\/\/www.app-room.at\/wp-content\/uploads\/2025\/09\/47-20250819-approom-478-e1758875527257.jpg\",\"datePublished\":\"2020-10-21T10:57:08+00:00\",\"dateModified\":\"2024-10-22T09:33:50+00:00\",\"description\":\"Wir bieten online oder offline Beratungen f\u00fcr die Branchensoftware CYCLE speziell f\u00fcr den Fahrradh\u00e4ndler an.\",\"breadcrumb\":{\"@id\":\"https:\/\/app-room.ch\/fr\/webinaire-presentation\/#breadcrumb\"},\"inLanguage\":\"fr-FR\",\"potentialAction\":[{\"@type\":\"ReadAction\",\"target\":[\"https:\/\/app-room.ch\/fr\/webinaire-presentation\/\"]}]},{\"@type\":\"ImageObject\",\"inLanguage\":\"fr-FR\",\"@id\":\"https:\/\/app-room.ch\/fr\/webinaire-presentation\/#primaryimage\",\"url\":\"https:\/\/www.app-room.at\/wp-content\/uploads\/2025\/09\/47-20250819-approom-478-e1758875527257.jpg\",\"contentUrl\":\"https:\/\/www.app-room.at\/wp-content\/uploads\/2025\/09\/47-20250819-approom-478-e1758875527257.jpg\",\"width\":1920,\"height\":1280},{\"@type\":\"BreadcrumbList\",\"@id\":\"https:\/\/app-room.ch\/fr\/webinaire-presentation\/#breadcrumb\",\"itemListElement\":[{\"@type\":\"ListItem\",\"position\":1,\"name\":\"Startseite\",\"item\":\"https:\/\/app-room.fr\/fr\/\"},{\"@type\":\"ListItem\",\"position\":2,\"name\":\"Webinaire &#038; pr\u00e9sentation\"}]},{\"@type\":\"WebSite\",\"@id\":\"https:\/\/app-room.ch\/#website\",\"url\":\"https:\/\/app-room.ch\/\",\"name\":\"app-room GmbH\",\"description\":\"CYCLE, das online Warenwirtschaftssystem \/ ERP f\u00fcr den Fahrradhandel\",\"publisher\":{\"@id\":\"https:\/\/app-room.ch\/#organization\"},\"potentialAction\":[{\"@type\":\"SearchAction\",\"target\":{\"@type\":\"EntryPoint\",\"urlTemplate\":\"https:\/\/app-room.ch\/?s={search_term_string}\"},\"query-input\":{\"@type\":\"PropertyValueSpecification\",\"valueRequired\":true,\"valueName\":\"search_term_string\"}}],\"inLanguage\":\"fr-FR\"},{\"@type\":\"Organization\",\"@id\":\"https:\/\/app-room.ch\/#organization\",\"name\":\"app-room GmbH\",\"url\":\"https:\/\/app-room.ch\/\",\"logo\":{\"@type\":\"ImageObject\",\"inLanguage\":\"fr-FR\",\"@id\":\"https:\/\/app-room.ch\/#\/schema\/logo\/image\/\",\"url\":\"https:\/\/app-room.ch\/wp-content\/uploads\/2024\/10\/favicon.png\",\"contentUrl\":\"https:\/\/app-room.ch\/wp-content\/uploads\/2024\/10\/favicon.png\",\"width\":128,\"height\":128,\"caption\":\"app-room GmbH\"},\"image\":{\"@id\":\"https:\/\/app-room.ch\/#\/schema\/logo\/image\/\"},\"sameAs\":[\"https:\/\/www.facebook.com\/approomgmbh\/\",\"https:\/\/ch.linkedin.com\/company\/app-room-gmbh\"]}]}<\/script>\n<!-- \/ Yoast SEO plugin. -->","yoast_head_json":{"title":"Webinaire & pr\u00e9sentation - app-room GmbH online oder offline Beratung","description":"Wir bieten online oder offline Beratungen f\u00fcr die Branchensoftware CYCLE speziell f\u00fcr den Fahrradh\u00e4ndler an.","robots":{"index":"index","follow":"follow","max-snippet":"max-snippet:-1","max-image-preview":"max-image-preview:large","max-video-preview":"max-video-preview:-1"},"canonical":"https:\/\/app-room.ch\/fr\/webinaire-presentation\/","og_locale":"fr_FR","og_type":"article","og_title":"Webinaire & pr\u00e9sentation - app-room GmbH online oder offline Beratung","og_description":"Wir bieten online oder offline Beratungen f\u00fcr die Branchensoftware CYCLE speziell f\u00fcr den Fahrradh\u00e4ndler an.","og_url":"https:\/\/app-room.ch\/fr\/webinaire-presentation\/","og_site_name":"app-room GmbH","article_publisher":"https:\/\/www.facebook.com\/approomgmbh\/","article_modified_time":"2024-10-22T09:33:50+00:00","og_image":[{"width":1920,"height":1280,"url":"https:\/\/app-room.ch\/wp-content\/uploads\/2025\/09\/47-20250819-approom-478-e1758875527257.jpg","type":"image\/jpeg"}],"twitter_card":"summary_large_image","twitter_misc":{"Dur\u00e9e de lecture estim\u00e9e":"1 minute"},"schema":{"@context":"https:\/\/schema.org","@graph":[{"@type":"WebPage","@id":"https:\/\/app-room.ch\/fr\/webinaire-presentation\/","url":"https:\/\/app-room.ch\/fr\/webinaire-presentation\/","name":"Webinaire & pr\u00e9sentation - app-room GmbH online oder offline Beratung","isPartOf":{"@id":"https:\/\/app-room.ch\/#website"},"primaryImageOfPage":{"@id":"https:\/\/app-room.ch\/fr\/webinaire-presentation\/#primaryimage"},"image":{"@id":"https:\/\/app-room.ch\/fr\/webinaire-presentation\/#primaryimage"},"thumbnailUrl":"https:\/\/www.app-room.at\/wp-content\/uploads\/2025\/09\/47-20250819-approom-478-e1758875527257.jpg","datePublished":"2020-10-21T10:57:08+00:00","dateModified":"2024-10-22T09:33:50+00:00","description":"Wir bieten online oder offline Beratungen f\u00fcr die Branchensoftware CYCLE speziell f\u00fcr den Fahrradh\u00e4ndler an.","breadcrumb":{"@id":"https:\/\/app-room.ch\/fr\/webinaire-presentation\/#breadcrumb"},"inLanguage":"fr-FR","potentialAction":[{"@type":"ReadAction","target":["https:\/\/app-room.ch\/fr\/webinaire-presentation\/"]}]},{"@type":"ImageObject","inLanguage":"fr-FR","@id":"https:\/\/app-room.ch\/fr\/webinaire-presentation\/#primaryimage","url":"https:\/\/www.app-room.at\/wp-content\/uploads\/2025\/09\/47-20250819-approom-478-e1758875527257.jpg","contentUrl":"https:\/\/www.app-room.at\/wp-content\/uploads\/2025\/09\/47-20250819-approom-478-e1758875527257.jpg","width":1920,"height":1280},{"@type":"BreadcrumbList","@id":"https:\/\/app-room.ch\/fr\/webinaire-presentation\/#breadcrumb","itemListElement":[{"@type":"ListItem","position":1,"name":"Startseite","item":"https:\/\/app-room.fr\/fr\/"},{"@type":"ListItem","position":2,"name":"Webinaire &#038; pr\u00e9sentation"}]},{"@type":"WebSite","@id":"https:\/\/app-room.ch\/#website","url":"https:\/\/app-room.ch\/","name":"app-room GmbH","description":"CYCLE, das online Warenwirtschaftssystem \/ ERP f\u00fcr den Fahrradhandel","publisher":{"@id":"https:\/\/app-room.ch\/#organization"},"potentialAction":[{"@type":"SearchAction","target":{"@type":"EntryPoint","urlTemplate":"https:\/\/app-room.ch\/?s={search_term_string}"},"query-input":{"@type":"PropertyValueSpecification","valueRequired":true,"valueName":"search_term_string"}}],"inLanguage":"fr-FR"},{"@type":"Organization","@id":"https:\/\/app-room.ch\/#organization","name":"app-room GmbH","url":"https:\/\/app-room.ch\/","logo":{"@type":"ImageObject","inLanguage":"fr-FR","@id":"https:\/\/app-room.ch\/#\/schema\/logo\/image\/","url":"https:\/\/app-room.ch\/wp-content\/uploads\/2024\/10\/favicon.png","contentUrl":"https:\/\/app-room.ch\/wp-content\/uploads\/2024\/10\/favicon.png","width":128,"height":128,"caption":"app-room GmbH"},"image":{"@id":"https:\/\/app-room.ch\/#\/schema\/logo\/image\/"},"sameAs":["https:\/\/www.facebook.com\/approomgmbh\/","https:\/\/ch.linkedin.com\/company\/app-room-gmbh"]}]}},"_links":{"self":[{"href":"https:\/\/www.app-room.at\/fr\/wp-json\/wp\/v2\/pages\/1740","targetHints":{"allow":["GET"]}}],"collection":[{"href":"https:\/\/www.app-room.at\/fr\/wp-json\/wp\/v2\/pages"}],"about":[{"href":"https:\/\/www.app-room.at\/fr\/wp-json\/wp\/v2\/types\/page"}],"author":[{"embeddable":true,"href":"https:\/\/www.app-room.at\/fr\/wp-json\/wp\/v2\/users\/2"}],"replies":[{"embeddable":true,"href":"https:\/\/www.app-room.at\/fr\/wp-json\/wp\/v2\/comments?post=1740"}],"version-history":[{"count":15,"href":"https:\/\/www.app-room.at\/fr\/wp-json\/wp\/v2\/pages\/1740\/revisions"}],"predecessor-version":[{"id":3445,"href":"https:\/\/www.app-room.at\/fr\/wp-json\/wp\/v2\/pages\/1740\/revisions\/3445"}],"wp:featuredmedia":[{"embeddable":true,"href":"https:\/\/www.app-room.at\/fr\/wp-json\/wp\/v2\/media\/4096"}],"wp:attachment":[{"href":"https:\/\/www.app-room.at\/fr\/wp-json\/wp\/v2\/media?parent=1740"}],"curies":[{"name":"wp","href":"https:\/\/api.w.org\/{rel}","templated":true}]}}