{"id":1836,"date":"2020-10-21T12:56:34","date_gmt":"2020-10-21T10:56:34","guid":{"rendered":"https:\/\/app-room.ch\/cycle\/funktionen\/"},"modified":"2024-10-22T09:35:10","modified_gmt":"2024-10-22T07:35:10","slug":"fonctionnalites","status":"publish","type":"page","link":"https:\/\/www.app-room.at\/fr\/app-room\/fonctionnalites\/","title":{"rendered":"Fonctions"},"content":{"rendered":"\n<h2 class=\"wp-block-heading h1\">app-room la solution cloud pour le commerce de v\u00e9los<\/h2>\n\n\n\n<p>Notre progiciel de gestion int\u00e9gr\u00e9 en ligne garantit un travail ind\u00e9pendant de tout appareil et offre ainsi une flexibilit\u00e9 maximale. Nous garantissons un fonctionnement sans faille, ce qui te permet de te consacrer \u00e0 tes activit\u00e9s quotidiennes.<\/p>\n\n\n\n<p>Tu peux conserver tes ordinateurs, \u00e9crans, imprimantes etc. existants et commencer \u00e0 travailler imm\u00e9diatement avec app-room.<\/p>\n","protected":false},"excerpt":{"rendered":"<p>app-room la solution cloud pour le commerce de v\u00e9los Notre progiciel de gestion int\u00e9gr\u00e9 en [&hellip;]<\/p>\n","protected":false},"author":2,"featured_media":1398,"parent":1735,"menu_order":19,"comment_status":"closed","ping_status":"closed","template":"template-features.php","meta":{"_acf_changed":false,"inline_featured_image":false,"footnotes":""},"class_list":["post-1836","page","type-page","status-publish","has-post-thumbnail","hentry"],"acf":[],"yoast_head":"<!-- This site is optimized with the Yoast SEO plugin v27.2 - https:\/\/yoast.com\/product\/yoast-seo-wordpress\/ -->\n<title>Fonctions - app-room GmbH CYCLE , Werkstatt, Vermieten, Lagerverwaltung<\/title>\n<meta name=\"description\" content=\"CYCLE ist die ideale Werkstattsoftware f\u00fcr jeden Veloh\u00e4ndler. Kunden erfassen ihren Servicetermin online und der Mechaniker, kann den Auftrag im Auftragsbuch weiterverarbeiten.\" \/>\n<meta name=\"robots\" content=\"index, follow, max-snippet:-1, max-image-preview:large, max-video-preview:-1\" \/>\n<link rel=\"canonical\" href=\"https:\/\/www.app-room.de\/fr\/app-room\/fonctionnalites\/\" \/>\n<meta property=\"og:locale\" content=\"fr_FR\" \/>\n<meta property=\"og:type\" content=\"article\" \/>\n<meta property=\"og:title\" content=\"Fonctions - app-room GmbH CYCLE , Werkstatt, Vermieten, Lagerverwaltung\" \/>\n<meta property=\"og:description\" content=\"CYCLE ist die ideale Werkstattsoftware f\u00fcr jeden Veloh\u00e4ndler. Kunden erfassen ihren Servicetermin online und der Mechaniker, kann den Auftrag im Auftragsbuch weiterverarbeiten.\" \/>\n<meta property=\"og:url\" content=\"https:\/\/www.app-room.de\/fr\/app-room\/fonctionnalites\/\" \/>\n<meta property=\"og:site_name\" content=\"app-room GmbH\" \/>\n<meta property=\"article:publisher\" content=\"https:\/\/www.facebook.com\/approomgmbh\/\" \/>\n<meta property=\"article:modified_time\" content=\"2024-10-22T07:35:10+00:00\" \/>\n<meta property=\"og:image\" content=\"https:\/\/www.app-room.de\/wp-content\/uploads\/2021\/08\/header-funktionen.jpg\" \/>\n\t<meta property=\"og:image:width\" content=\"2000\" \/>\n\t<meta property=\"og:image:height\" content=\"1500\" \/>\n\t<meta property=\"og:image:type\" content=\"image\/jpeg\" \/>\n<meta name=\"twitter:card\" content=\"summary_large_image\" \/>\n<meta name=\"twitter:label1\" content=\"Dur\u00e9e de lecture estim\u00e9e\" \/>\n\t<meta name=\"twitter:data1\" content=\"1 minute\" \/>\n<script type=\"application\/ld+json\" class=\"yoast-schema-graph\">{\"@context\":\"https:\/\/schema.org\",\"@graph\":[{\"@type\":\"WebPage\",\"@id\":\"https:\/\/www.app-room.de\/fr\/app-room\/fonctionnalites\/\",\"url\":\"https:\/\/www.app-room.de\/fr\/app-room\/fonctionnalites\/\",\"name\":\"Fonctions - app-room GmbH CYCLE , Werkstatt, Vermieten, Lagerverwaltung\",\"isPartOf\":{\"@id\":\"https:\/\/app-room.ch\/#website\"},\"primaryImageOfPage\":{\"@id\":\"https:\/\/www.app-room.de\/fr\/app-room\/fonctionnalites\/#primaryimage\"},\"image\":{\"@id\":\"https:\/\/www.app-room.de\/fr\/app-room\/fonctionnalites\/#primaryimage\"},\"thumbnailUrl\":\"https:\/\/www.app-room.at\/wp-content\/uploads\/2021\/08\/header-funktionen.jpg\",\"datePublished\":\"2020-10-21T10:56:34+00:00\",\"dateModified\":\"2024-10-22T07:35:10+00:00\",\"description\":\"CYCLE ist die ideale Werkstattsoftware f\u00fcr jeden Veloh\u00e4ndler. Kunden erfassen ihren Servicetermin online und der Mechaniker, kann den Auftrag im Auftragsbuch weiterverarbeiten.\",\"breadcrumb\":{\"@id\":\"https:\/\/www.app-room.de\/fr\/app-room\/fonctionnalites\/#breadcrumb\"},\"inLanguage\":\"fr-FR\",\"potentialAction\":[{\"@type\":\"ReadAction\",\"target\":[\"https:\/\/www.app-room.de\/fr\/app-room\/fonctionnalites\/\"]}]},{\"@type\":\"ImageObject\",\"inLanguage\":\"fr-FR\",\"@id\":\"https:\/\/www.app-room.de\/fr\/app-room\/fonctionnalites\/#primaryimage\",\"url\":\"https:\/\/www.app-room.at\/wp-content\/uploads\/2021\/08\/header-funktionen.jpg\",\"contentUrl\":\"https:\/\/www.app-room.at\/wp-content\/uploads\/2021\/08\/header-funktionen.jpg\",\"width\":2000,\"height\":1500,\"caption\":\"Digitale Kassenl\u00f6sung von app-room f\u00fcr Velo- und Bike-Shops im Einsatz am Verkaufspunkt\"},{\"@type\":\"BreadcrumbList\",\"@id\":\"https:\/\/www.app-room.de\/fr\/app-room\/fonctionnalites\/#breadcrumb\",\"itemListElement\":[{\"@type\":\"ListItem\",\"position\":1,\"name\":\"Startseite\",\"item\":\"https:\/\/app-room.fr\/fr\/\"},{\"@type\":\"ListItem\",\"position\":2,\"name\":\"app-room\",\"item\":\"https:\/\/www.app-room.de\/fr\/app-room\/\"},{\"@type\":\"ListItem\",\"position\":3,\"name\":\"Fonctions\"}]},{\"@type\":\"WebSite\",\"@id\":\"https:\/\/app-room.ch\/#website\",\"url\":\"https:\/\/app-room.ch\/\",\"name\":\"app-room GmbH\",\"description\":\"CYCLE, das online Warenwirtschaftssystem \/ ERP f\u00fcr den Fahrradhandel\",\"publisher\":{\"@id\":\"https:\/\/app-room.ch\/#organization\"},\"potentialAction\":[{\"@type\":\"SearchAction\",\"target\":{\"@type\":\"EntryPoint\",\"urlTemplate\":\"https:\/\/app-room.ch\/?s={search_term_string}\"},\"query-input\":{\"@type\":\"PropertyValueSpecification\",\"valueRequired\":true,\"valueName\":\"search_term_string\"}}],\"inLanguage\":\"fr-FR\"},{\"@type\":\"Organization\",\"@id\":\"https:\/\/app-room.ch\/#organization\",\"name\":\"app-room GmbH\",\"url\":\"https:\/\/app-room.ch\/\",\"logo\":{\"@type\":\"ImageObject\",\"inLanguage\":\"fr-FR\",\"@id\":\"https:\/\/app-room.ch\/#\/schema\/logo\/image\/\",\"url\":\"https:\/\/app-room.ch\/wp-content\/uploads\/2024\/10\/favicon.png\",\"contentUrl\":\"https:\/\/app-room.ch\/wp-content\/uploads\/2024\/10\/favicon.png\",\"width\":128,\"height\":128,\"caption\":\"app-room GmbH\"},\"image\":{\"@id\":\"https:\/\/app-room.ch\/#\/schema\/logo\/image\/\"},\"sameAs\":[\"https:\/\/www.facebook.com\/approomgmbh\/\",\"https:\/\/ch.linkedin.com\/company\/app-room-gmbh\"]}]}<\/script>\n<!-- \/ Yoast SEO plugin. -->","yoast_head_json":{"title":"Fonctions - app-room GmbH CYCLE , Werkstatt, Vermieten, Lagerverwaltung","description":"CYCLE ist die ideale Werkstattsoftware f\u00fcr jeden Veloh\u00e4ndler. Kunden erfassen ihren Servicetermin online und der Mechaniker, kann den Auftrag im Auftragsbuch weiterverarbeiten.","robots":{"index":"index","follow":"follow","max-snippet":"max-snippet:-1","max-image-preview":"max-image-preview:large","max-video-preview":"max-video-preview:-1"},"canonical":"https:\/\/www.app-room.de\/fr\/app-room\/fonctionnalites\/","og_locale":"fr_FR","og_type":"article","og_title":"Fonctions - app-room GmbH CYCLE , Werkstatt, Vermieten, Lagerverwaltung","og_description":"CYCLE ist die ideale Werkstattsoftware f\u00fcr jeden Veloh\u00e4ndler. Kunden erfassen ihren Servicetermin online und der Mechaniker, kann den Auftrag im Auftragsbuch weiterverarbeiten.","og_url":"https:\/\/www.app-room.de\/fr\/app-room\/fonctionnalites\/","og_site_name":"app-room GmbH","article_publisher":"https:\/\/www.facebook.com\/approomgmbh\/","article_modified_time":"2024-10-22T07:35:10+00:00","og_image":[{"width":2000,"height":1500,"url":"https:\/\/www.app-room.de\/wp-content\/uploads\/2021\/08\/header-funktionen.jpg","type":"image\/jpeg"}],"twitter_card":"summary_large_image","twitter_misc":{"Dur\u00e9e de lecture estim\u00e9e":"1 minute"},"schema":{"@context":"https:\/\/schema.org","@graph":[{"@type":"WebPage","@id":"https:\/\/www.app-room.de\/fr\/app-room\/fonctionnalites\/","url":"https:\/\/www.app-room.de\/fr\/app-room\/fonctionnalites\/","name":"Fonctions - app-room GmbH CYCLE , Werkstatt, Vermieten, Lagerverwaltung","isPartOf":{"@id":"https:\/\/app-room.ch\/#website"},"primaryImageOfPage":{"@id":"https:\/\/www.app-room.de\/fr\/app-room\/fonctionnalites\/#primaryimage"},"image":{"@id":"https:\/\/www.app-room.de\/fr\/app-room\/fonctionnalites\/#primaryimage"},"thumbnailUrl":"https:\/\/www.app-room.at\/wp-content\/uploads\/2021\/08\/header-funktionen.jpg","datePublished":"2020-10-21T10:56:34+00:00","dateModified":"2024-10-22T07:35:10+00:00","description":"CYCLE ist die ideale Werkstattsoftware f\u00fcr jeden Veloh\u00e4ndler. Kunden erfassen ihren Servicetermin online und der Mechaniker, kann den Auftrag im Auftragsbuch weiterverarbeiten.","breadcrumb":{"@id":"https:\/\/www.app-room.de\/fr\/app-room\/fonctionnalites\/#breadcrumb"},"inLanguage":"fr-FR","potentialAction":[{"@type":"ReadAction","target":["https:\/\/www.app-room.de\/fr\/app-room\/fonctionnalites\/"]}]},{"@type":"ImageObject","inLanguage":"fr-FR","@id":"https:\/\/www.app-room.de\/fr\/app-room\/fonctionnalites\/#primaryimage","url":"https:\/\/www.app-room.at\/wp-content\/uploads\/2021\/08\/header-funktionen.jpg","contentUrl":"https:\/\/www.app-room.at\/wp-content\/uploads\/2021\/08\/header-funktionen.jpg","width":2000,"height":1500,"caption":"Digitale Kassenl\u00f6sung von app-room f\u00fcr Velo- und Bike-Shops im Einsatz am Verkaufspunkt"},{"@type":"BreadcrumbList","@id":"https:\/\/www.app-room.de\/fr\/app-room\/fonctionnalites\/#breadcrumb","itemListElement":[{"@type":"ListItem","position":1,"name":"Startseite","item":"https:\/\/app-room.fr\/fr\/"},{"@type":"ListItem","position":2,"name":"app-room","item":"https:\/\/www.app-room.de\/fr\/app-room\/"},{"@type":"ListItem","position":3,"name":"Fonctions"}]},{"@type":"WebSite","@id":"https:\/\/app-room.ch\/#website","url":"https:\/\/app-room.ch\/","name":"app-room GmbH","description":"CYCLE, das online Warenwirtschaftssystem \/ ERP f\u00fcr den Fahrradhandel","publisher":{"@id":"https:\/\/app-room.ch\/#organization"},"potentialAction":[{"@type":"SearchAction","target":{"@type":"EntryPoint","urlTemplate":"https:\/\/app-room.ch\/?s={search_term_string}"},"query-input":{"@type":"PropertyValueSpecification","valueRequired":true,"valueName":"search_term_string"}}],"inLanguage":"fr-FR"},{"@type":"Organization","@id":"https:\/\/app-room.ch\/#organization","name":"app-room GmbH","url":"https:\/\/app-room.ch\/","logo":{"@type":"ImageObject","inLanguage":"fr-FR","@id":"https:\/\/app-room.ch\/#\/schema\/logo\/image\/","url":"https:\/\/app-room.ch\/wp-content\/uploads\/2024\/10\/favicon.png","contentUrl":"https:\/\/app-room.ch\/wp-content\/uploads\/2024\/10\/favicon.png","width":128,"height":128,"caption":"app-room GmbH"},"image":{"@id":"https:\/\/app-room.ch\/#\/schema\/logo\/image\/"},"sameAs":["https:\/\/www.facebook.com\/approomgmbh\/","https:\/\/ch.linkedin.com\/company\/app-room-gmbh"]}]}},"_links":{"self":[{"href":"https:\/\/www.app-room.at\/fr\/wp-json\/wp\/v2\/pages\/1836","targetHints":{"allow":["GET"]}}],"collection":[{"href":"https:\/\/www.app-room.at\/fr\/wp-json\/wp\/v2\/pages"}],"about":[{"href":"https:\/\/www.app-room.at\/fr\/wp-json\/wp\/v2\/types\/page"}],"author":[{"embeddable":true,"href":"https:\/\/www.app-room.at\/fr\/wp-json\/wp\/v2\/users\/2"}],"replies":[{"embeddable":true,"href":"https:\/\/www.app-room.at\/fr\/wp-json\/wp\/v2\/comments?post=1836"}],"version-history":[{"count":8,"href":"https:\/\/www.app-room.at\/fr\/wp-json\/wp\/v2\/pages\/1836\/revisions"}],"predecessor-version":[{"id":3359,"href":"https:\/\/www.app-room.at\/fr\/wp-json\/wp\/v2\/pages\/1836\/revisions\/3359"}],"up":[{"embeddable":true,"href":"https:\/\/www.app-room.at\/fr\/wp-json\/wp\/v2\/pages\/1735"}],"wp:featuredmedia":[{"embeddable":true,"href":"https:\/\/www.app-room.at\/fr\/wp-json\/wp\/v2\/media\/1398"}],"wp:attachment":[{"href":"https:\/\/www.app-room.at\/fr\/wp-json\/wp\/v2\/media?parent=1836"}],"curies":[{"name":"wp","href":"https:\/\/api.w.org\/{rel}","templated":true}]}}